{"id":1565,"date":"2021-06-15T12:20:12","date_gmt":"2021-06-15T11:20:12","guid":{"rendered":"https:\/\/www.golflasamericas.com\/wordpress\/?page_id=1565"},"modified":"2021-11-02T10:44:50","modified_gmt":"2021-11-02T09:44:50","slug":"organiser-un-tournoi","status":"publish","type":"page","link":"https:\/\/www.golflasamericas.com\/fr\/tournois\/organiser-un-tournoi\/","title":{"rendered":"Organiser un tournoi"},"content":{"rendered":"\t\t<div data-elementor-type=\"wp-page\" data-elementor-id=\"1565\" class=\"elementor elementor-1565 elementor-531\" data-elementor-post-type=\"page\">\n\t\t\t\t\t\t<section class=\"elementor-section elementor-top-section elementor-element elementor-element-7104109 elementor-section-height-min-height elementor-section-boxed elementor-section-height-default elementor-section-items-middle\" data-id=\"7104109\" data-element_type=\"section\" data-e-type=\"section\" data-settings=\"{&quot;background_background&quot;:&quot;classic&quot;}\">\n\t\t\t\t\t\t<div class=\"elementor-container elementor-column-gap-default\">\n\t\t\t\t\t<div class=\"elementor-column elementor-col-100 elementor-top-column elementor-element elementor-element-5d53d50\" data-id=\"5d53d50\" data-element_type=\"column\" data-e-type=\"column\">\n\t\t\t<div class=\"elementor-widget-wrap\">\n\t\t\t\t\t\t\t<\/div>\n\t\t<\/div>\n\t\t\t\t\t<\/div>\n\t\t<\/section>\n\t\t\t\t<section class=\"elementor-section elementor-top-section elementor-element elementor-element-7eb59ea elementor-section-boxed elementor-section-height-default elementor-section-height-default\" data-id=\"7eb59ea\" data-element_type=\"section\" data-e-type=\"section\">\n\t\t\t\t\t\t<div class=\"elementor-container elementor-column-gap-default\">\n\t\t\t\t\t<div class=\"elementor-column elementor-col-100 elementor-top-column elementor-element elementor-element-7f2aa4b\" data-id=\"7f2aa4b\" data-element_type=\"column\" data-e-type=\"column\">\n\t\t\t<div class=\"elementor-widget-wrap elementor-element-populated\">\n\t\t\t\t\t\t<div class=\"elementor-element elementor-element-c16c52f elementor-widget elementor-widget-heading\" data-id=\"c16c52f\" data-element_type=\"widget\" data-e-type=\"widget\" data-widget_type=\"heading.default\">\n\t\t\t\t<div class=\"elementor-widget-container\">\n\t\t\t\t\t<h2 class=\"elementor-heading-title elementor-size-default\">ORGANISER UN TOURNOI<\/h2>\t\t\t\t<\/div>\n\t\t\t\t<\/div>\n\t\t\t\t\t<\/div>\n\t\t<\/div>\n\t\t\t\t\t<\/div>\n\t\t<\/section>\n\t\t\t\t<section class=\"elementor-section elementor-top-section elementor-element elementor-element-2800635 elementor-section-boxed elementor-section-height-default elementor-section-height-default\" data-id=\"2800635\" data-element_type=\"section\" data-e-type=\"section\">\n\t\t\t\t\t\t<div class=\"elementor-container elementor-column-gap-default\">\n\t\t\t\t\t<div class=\"elementor-column elementor-col-50 elementor-top-column elementor-element elementor-element-e28b458\" data-id=\"e28b458\" data-element_type=\"column\" data-e-type=\"column\">\n\t\t\t<div class=\"elementor-widget-wrap elementor-element-populated\">\n\t\t\t\t\t\t<div class=\"elementor-element elementor-element-dbebbfb elementor-widget elementor-widget-text-editor\" data-id=\"dbebbfb\" data-element_type=\"widget\" data-e-type=\"widget\" data-widget_type=\"text-editor.default\">\n\t\t\t\t<div class=\"elementor-widget-container\">\n\t\t\t\t\t\t\t\t\t<p>Si vous souhaitez organiser un tournoi de golf, fa\u00eetes-le au Golf Las Americas<\/p><p>Golf Las Am\u00e9ricas, a \u00e9t\u00e9 nomm\u00e9 meilleur terrain de golf en Espagne durant 3 ann\u00e9es cons\u00e9cutives.<\/p><p>En D\u00e9cembre 2008, Golf Las Americas a re\u00e7u le Prix D &amp; B au meilleur terrain de golf 2008, pour la troisi\u00e8me ann\u00e9\u00e9 cons\u00e9cutive, r\u00e9compensant ainsi ses efforts d\u00e9coration constants. Ce prix est attribu\u00e9 par Deportes &amp; Business \u00e1 la fin de chaque saison au meilleur club de golf qui s\u2019est le plus impliqu\u00e9 dans l\u2019organisation des tournois, qui a le mieux r\u00e9pondre aux besoins des sponsors et qui, le mieux pris soin des participants au tournoi.<\/p><p>Le gestionnaire de Golf Las Americas, Joan Piferrer a accept\u00e9 le prix au nom du club du jury de D &amp; B dans une c\u00e9r\u00e9monie officielle au Centre National Golf. Joan Piferrer, sur l\u2019apprentissage de la sentence a d\u00e9clar\u00e9: \u00abNotre travail vise \u00e0 la satisfaction des sponsors de nos tournois et des joueurs, en essayant de faire que tout soit parfait pour la comp\u00e9tition. Recevoir ce prix est une confirmation que nous sommes sur la bonne voie et nous encourage fortement \u00e0 continuer \u00e0 am\u00e9liorer dans le sens que nous va. Nous sommes ravis d\u2019\u00eatre reconnus par D &amp; B pour cet effort que nous faisons et je voudrais profiter de cette occasion pour f\u00e9liciter toute mon \u00e9quipe \u00e0 Golf Las Americas<\/p><p>Ce prix r\u00e9compense, entre autres aspects: les installations, l\u2019h\u00f4tellerie, la qualification et la professionnalit\u00e9 du personnel, le degr\u00e9 de collaboration, l\u00e2\u2019dotation aux d\u00e9sirs du sponsor, l\u2019information donn\u00e9 aux joueurs, le respect des horaires, le contr\u00f4le du rythme du jeu, l\u00e2\u2019re des d\u00c3\u00e9rts et la gestion de la comp\u00e9tition.<\/p>\t\t\t\t\t\t\t\t<\/div>\n\t\t\t\t<\/div>\n\t\t\t\t<div class=\"elementor-element elementor-element-e12ed77 elementor-widget elementor-widget-text-editor\" data-id=\"e12ed77\" data-element_type=\"widget\" data-e-type=\"widget\" data-widget_type=\"text-editor.default\">\n\t\t\t\t<div class=\"elementor-widget-container\">\n\t\t\t\t\t\t\t\t\t<p>Si vous souhaitez organiser un tournoi, veuillez remplir le formulaire de contact ci-dessous et nous vous contacterons ou nous appellerons au +34 922 752005.<\/p>\t\t\t\t\t\t\t\t<\/div>\n\t\t\t\t<\/div>\n\t\t\t\t\t<\/div>\n\t\t<\/div>\n\t\t\t\t<div class=\"elementor-column elementor-col-50 elementor-top-column elementor-element elementor-element-8ce19da\" data-id=\"8ce19da\" data-element_type=\"column\" data-e-type=\"column\">\n\t\t\t<div class=\"elementor-widget-wrap elementor-element-populated\">\n\t\t\t\t\t\t<div class=\"elementor-element elementor-element-32c6ce6 elementor-button-align-start elementor-widget elementor-widget-form\" data-id=\"32c6ce6\" data-element_type=\"widget\" data-e-type=\"widget\" data-settings=\"{&quot;step_next_label&quot;:&quot;Next&quot;,&quot;step_previous_label&quot;:&quot;Previous&quot;,&quot;button_width&quot;:&quot;100&quot;,&quot;step_type&quot;:&quot;number_text&quot;,&quot;step_icon_shape&quot;:&quot;circle&quot;}\" data-widget_type=\"form.default\">\n\t\t\t\t<div class=\"elementor-widget-container\">\n\t\t\t\t\t\t\t<form class=\"elementor-form\" method=\"post\" name=\"Torneo ES\" aria-label=\"Torneo ES\">\n\t\t\t<input type=\"hidden\" name=\"post_id\" value=\"1565\"\/>\n\t\t\t<input type=\"hidden\" name=\"form_id\" value=\"32c6ce6\"\/>\n\t\t\t<input type=\"hidden\" name=\"referer_title\" value=\"Organiser un tournoi\" \/>\n\n\t\t\t\t\t\t\t<input type=\"hidden\" name=\"queried_id\" value=\"1565\"\/>\n\t\t\t\n\t\t\t<div class=\"elementor-form-fields-wrapper elementor-labels-\">\n\t\t\t\t\t\t\t\t<div class=\"elementor-field-type-text elementor-field-group elementor-column elementor-field-group-name elementor-col-100\">\n\t\t\t\t\t\t\t\t\t\t\t\t<label for=\"form-field-name\" class=\"elementor-field-label elementor-screen-only\">\n\t\t\t\t\t\t\t\tNombre\t\t\t\t\t\t\t<\/label>\n\t\t\t\t\t\t\t\t\t\t\t\t\t\t<input size=\"1\" type=\"text\" name=\"form_fields[name]\" id=\"form-field-name\" class=\"elementor-field elementor-size-sm  elementor-field-textual\" placeholder=\"Nom\">\n\t\t\t\t\t\t\t\t\t\t\t<\/div>\n\t\t\t\t\t\t\t\t<div class=\"elementor-field-type-email elementor-field-group elementor-column elementor-field-group-email elementor-col-100 elementor-field-required\">\n\t\t\t\t\t\t\t\t\t\t\t\t<label for=\"form-field-email\" class=\"elementor-field-label elementor-screen-only\">\n\t\t\t\t\t\t\t\tEmail\t\t\t\t\t\t\t<\/label>\n\t\t\t\t\t\t\t\t\t\t\t\t\t\t<input size=\"1\" type=\"email\" name=\"form_fields[email]\" id=\"form-field-email\" class=\"elementor-field elementor-size-sm  elementor-field-textual\" placeholder=\"Email\" required=\"required\">\n\t\t\t\t\t\t\t\t\t\t\t<\/div>\n\t\t\t\t\t\t\t\t<div class=\"elementor-field-type-textarea elementor-field-group elementor-column elementor-field-group-message elementor-col-100\">\n\t\t\t\t\t\t\t\t\t\t\t\t<label for=\"form-field-message\" class=\"elementor-field-label elementor-screen-only\">\n\t\t\t\t\t\t\t\tMensaje\t\t\t\t\t\t\t<\/label>\n\t\t\t\t\t\t<textarea class=\"elementor-field-textual elementor-field  elementor-size-sm\" name=\"form_fields[message]\" id=\"form-field-message\" rows=\"4\" placeholder=\"Plus d&#039;informations\"><\/textarea>\t\t\t\t<\/div>\n\t\t\t\t\t\t\t\t<div class=\"elementor-field-group elementor-column elementor-field-type-submit elementor-col-100 e-form__buttons\">\n\t\t\t\t\t<button class=\"elementor-button elementor-size-sm\" type=\"submit\">\n\t\t\t\t\t\t<span class=\"elementor-button-content-wrapper\">\n\t\t\t\t\t\t\t\t\t\t\t\t\t\t\t\t\t\t\t\t\t\t<span class=\"elementor-button-text\">SOUMETTRE<\/span>\n\t\t\t\t\t\t\t\t\t\t\t\t\t<\/span>\n\t\t\t\t\t<\/button>\n\t\t\t\t<\/div>\n\t\t\t<\/div>\n\t\t<\/form>\n\t\t\t\t\t\t<\/div>\n\t\t\t\t<\/div>\n\t\t\t\t\t<\/div>\n\t\t<\/div>\n\t\t\t\t\t<\/div>\n\t\t<\/section>\n\t\t\t\t<section class=\"elementor-section elementor-top-section elementor-element elementor-element-b78b14c elementor-section-boxed elementor-section-height-default elementor-section-height-default\" data-id=\"b78b14c\" data-element_type=\"section\" data-e-type=\"section\">\n\t\t\t\t\t\t<div class=\"elementor-container elementor-column-gap-default\">\n\t\t\t\t\t<div class=\"elementor-column elementor-col-100 elementor-top-column elementor-element elementor-element-4b95c70\" data-id=\"4b95c70\" data-element_type=\"column\" data-e-type=\"column\">\n\t\t\t<div class=\"elementor-widget-wrap elementor-element-populated\">\n\t\t\t\t\t\t<div class=\"elementor-element elementor-element-3705719 elementor-widget elementor-widget-spacer\" data-id=\"3705719\" data-element_type=\"widget\" data-e-type=\"widget\" data-widget_type=\"spacer.default\">\n\t\t\t\t<div class=\"elementor-widget-container\">\n\t\t\t\t\t\t\t<div class=\"elementor-spacer\">\n\t\t\t<div class=\"elementor-spacer-inner\"><\/div>\n\t\t<\/div>\n\t\t\t\t\t\t<\/div>\n\t\t\t\t<\/div>\n\t\t\t\t\t<\/div>\n\t\t<\/div>\n\t\t\t\t\t<\/div>\n\t\t<\/section>\n\t\t\t\t<\/div>\n\t\t","protected":false},"excerpt":{"rendered":"<p>ORGANISER UN TOURNOI Si vous souhaitez organiser un tournoi de golf, fa\u00eetes-le au Golf Las Americas Golf Las Am\u00e9ricas, a \u00e9t\u00e9 nomm\u00e9 meilleur terrain de golf en Espagne durant 3 ann\u00e9es cons\u00e9cutives. En D\u00e9cembre 2008, Golf Las Americas a re\u00e7u le Prix D &amp; B au meilleur terrain de golf 2008, pour la troisi\u00e8me ann\u00e9\u00e9 [&hellip;]<\/p>\n","protected":false},"author":1,"featured_media":0,"parent":1555,"menu_order":0,"comment_status":"closed","ping_status":"closed","template":"elementor_header_footer","meta":{"footnotes":""},"class_list":["post-1565","page","type-page","status-publish","hentry"],"_links":{"self":[{"href":"https:\/\/www.golflasamericas.com\/fr\/wp-json\/wp\/v2\/pages\/1565","targetHints":{"allow":["GET"]}}],"collection":[{"href":"https:\/\/www.golflasamericas.com\/fr\/wp-json\/wp\/v2\/pages"}],"about":[{"href":"https:\/\/www.golflasamericas.com\/fr\/wp-json\/wp\/v2\/types\/page"}],"author":[{"embeddable":true,"href":"https:\/\/www.golflasamericas.com\/fr\/wp-json\/wp\/v2\/users\/1"}],"replies":[{"embeddable":true,"href":"https:\/\/www.golflasamericas.com\/fr\/wp-json\/wp\/v2\/comments?post=1565"}],"version-history":[{"count":10,"href":"https:\/\/www.golflasamericas.com\/fr\/wp-json\/wp\/v2\/pages\/1565\/revisions"}],"predecessor-version":[{"id":3472,"href":"https:\/\/www.golflasamericas.com\/fr\/wp-json\/wp\/v2\/pages\/1565\/revisions\/3472"}],"up":[{"embeddable":true,"href":"https:\/\/www.golflasamericas.com\/fr\/wp-json\/wp\/v2\/pages\/1555"}],"wp:attachment":[{"href":"https:\/\/www.golflasamericas.com\/fr\/wp-json\/wp\/v2\/media?parent=1565"}],"curies":[{"name":"wp","href":"https:\/\/api.w.org\/{rel}","templated":true}]}}