{"id":1550,"date":"2021-06-15T12:16:32","date_gmt":"2021-06-15T11:16:32","guid":{"rendered":"https:\/\/www.golflasamericas.com\/wordpress\/?page_id=1550"},"modified":"2026-04-05T14:20:55","modified_gmt":"2026-04-05T13:20:55","slug":"restaurant","status":"publish","type":"page","link":"https:\/\/www.golflasamericas.com\/fr\/terrain-de-golf\/restaurant\/","title":{"rendered":"Restaurant"},"content":{"rendered":"\t\t<div data-elementor-type=\"wp-page\" data-elementor-id=\"1550\" class=\"elementor elementor-1550 elementor-449\" data-elementor-post-type=\"page\">\n\t\t\t\t\t\t<section class=\"elementor-section elementor-top-section elementor-element elementor-element-7104109 elementor-section-height-min-height elementor-section-boxed elementor-section-height-default elementor-section-items-middle\" data-id=\"7104109\" data-element_type=\"section\" data-e-type=\"section\" data-settings=\"{&quot;background_background&quot;:&quot;classic&quot;}\">\n\t\t\t\t\t\t<div class=\"elementor-container elementor-column-gap-default\">\n\t\t\t\t\t<div class=\"elementor-column elementor-col-100 elementor-top-column elementor-element elementor-element-5d53d50\" data-id=\"5d53d50\" data-element_type=\"column\" data-e-type=\"column\">\n\t\t\t<div class=\"elementor-widget-wrap\">\n\t\t\t\t\t\t\t<\/div>\n\t\t<\/div>\n\t\t\t\t\t<\/div>\n\t\t<\/section>\n\t\t\t\t<section class=\"elementor-section elementor-top-section elementor-element elementor-element-7eb59ea elementor-section-boxed elementor-section-height-default elementor-section-height-default\" data-id=\"7eb59ea\" data-element_type=\"section\" data-e-type=\"section\">\n\t\t\t\t\t\t<div class=\"elementor-container elementor-column-gap-default\">\n\t\t\t\t\t<div class=\"elementor-column elementor-col-100 elementor-top-column elementor-element elementor-element-7f2aa4b\" data-id=\"7f2aa4b\" data-element_type=\"column\" data-e-type=\"column\">\n\t\t\t<div class=\"elementor-widget-wrap elementor-element-populated\">\n\t\t\t\t\t\t<div class=\"elementor-element elementor-element-c16c52f elementor-widget elementor-widget-heading\" data-id=\"c16c52f\" data-element_type=\"widget\" data-e-type=\"widget\" data-widget_type=\"heading.default\">\n\t\t\t\t<div class=\"elementor-widget-container\">\n\t\t\t\t\t<h2 class=\"elementor-heading-title elementor-size-default\">Restaurant<\/h2>\t\t\t\t<\/div>\n\t\t\t\t<\/div>\n\t\t\t\t\t<\/div>\n\t\t<\/div>\n\t\t\t\t\t<\/div>\n\t\t<\/section>\n\t\t\t\t<section class=\"elementor-section elementor-top-section elementor-element elementor-element-4c3e4c9 elementor-section-boxed elementor-section-height-default elementor-section-height-default\" data-id=\"4c3e4c9\" data-element_type=\"section\" data-e-type=\"section\">\n\t\t\t\t\t\t<div class=\"elementor-container elementor-column-gap-default\">\n\t\t\t\t\t<div class=\"elementor-column elementor-col-50 elementor-top-column elementor-element elementor-element-e464fac\" data-id=\"e464fac\" data-element_type=\"column\" data-e-type=\"column\">\n\t\t\t<div class=\"elementor-widget-wrap elementor-element-populated\">\n\t\t\t\t\t\t<div class=\"elementor-element elementor-element-7afd69a elementor-widget elementor-widget-image\" data-id=\"7afd69a\" data-element_type=\"widget\" data-e-type=\"widget\" data-widget_type=\"image.default\">\n\t\t\t\t<div class=\"elementor-widget-container\">\n\t\t\t\t\t\t\t\t\t\t\t\t\t\t\t<img fetchpriority=\"high\" decoding=\"async\" width=\"800\" height=\"480\" src=\"https:\/\/www.golflasamericas.com\/wordpress\/wp-content\/uploads\/2021\/05\/tv-lounge.jpeg\" class=\"attachment-full size-full wp-image-1025\" alt=\"\" srcset=\"https:\/\/www.golflasamericas.com\/wordpress\/wp-content\/uploads\/2021\/05\/tv-lounge.jpeg 800w, https:\/\/www.golflasamericas.com\/wordpress\/wp-content\/uploads\/2021\/05\/tv-lounge-300x180.jpeg 300w, https:\/\/www.golflasamericas.com\/wordpress\/wp-content\/uploads\/2021\/05\/tv-lounge-768x461.jpeg 768w\" sizes=\"(max-width: 800px) 100vw, 800px\" \/>\t\t\t\t\t\t\t\t\t\t\t\t\t\t\t<\/div>\n\t\t\t\t<\/div>\n\t\t\t\t\t<\/div>\n\t\t<\/div>\n\t\t\t\t<div class=\"elementor-column elementor-col-50 elementor-top-column elementor-element elementor-element-6e91acd\" data-id=\"6e91acd\" data-element_type=\"column\" data-e-type=\"column\">\n\t\t\t<div class=\"elementor-widget-wrap elementor-element-populated\">\n\t\t\t\t\t\t<div class=\"elementor-element elementor-element-aff316b elementor-widget elementor-widget-image\" data-id=\"aff316b\" data-element_type=\"widget\" data-e-type=\"widget\" data-widget_type=\"image.default\">\n\t\t\t\t<div class=\"elementor-widget-container\">\n\t\t\t\t\t\t\t\t\t\t\t\t\t\t\t<img decoding=\"async\" width=\"800\" height=\"480\" src=\"https:\/\/www.golflasamericas.com\/wordpress\/wp-content\/uploads\/2021\/05\/Cafeteria.jpeg\" class=\"attachment-full size-full wp-image-1022\" alt=\"\" srcset=\"https:\/\/www.golflasamericas.com\/wordpress\/wp-content\/uploads\/2021\/05\/Cafeteria.jpeg 800w, https:\/\/www.golflasamericas.com\/wordpress\/wp-content\/uploads\/2021\/05\/Cafeteria-300x180.jpeg 300w, https:\/\/www.golflasamericas.com\/wordpress\/wp-content\/uploads\/2021\/05\/Cafeteria-768x461.jpeg 768w\" sizes=\"(max-width: 800px) 100vw, 800px\" \/>\t\t\t\t\t\t\t\t\t\t\t\t\t\t\t<\/div>\n\t\t\t\t<\/div>\n\t\t\t\t\t<\/div>\n\t\t<\/div>\n\t\t\t\t\t<\/div>\n\t\t<\/section>\n\t\t\t\t<section class=\"elementor-section elementor-top-section elementor-element elementor-element-56cf54f elementor-section-boxed elementor-section-height-default elementor-section-height-default\" data-id=\"56cf54f\" data-element_type=\"section\" data-e-type=\"section\">\n\t\t\t\t\t\t<div class=\"elementor-container elementor-column-gap-default\">\n\t\t\t\t\t<div class=\"elementor-column elementor-col-50 elementor-top-column elementor-element elementor-element-c3b74b9\" data-id=\"c3b74b9\" data-element_type=\"column\" data-e-type=\"column\">\n\t\t\t<div class=\"elementor-widget-wrap elementor-element-populated\">\n\t\t\t\t\t\t<div class=\"elementor-element elementor-element-dbebbfb elementor-widget elementor-widget-text-editor\" data-id=\"dbebbfb\" data-element_type=\"widget\" data-e-type=\"widget\" data-widget_type=\"text-editor.default\">\n\t\t\t\t<div class=\"elementor-widget-container\">\n\t\t\t\t\t\t\t\t\t<p>Le restaurant du club est un lieu de rencontre au sein de Golf Las Americas. Ce restaurant unique dispose d\u2019une salle \u00e0 manger couverte, une grande terrasse donnant sur le golf et une salle \u00e1 manger priv\u00e9e pour tous types d\u2019\u00e9v\u00e9nements aussi bien priv\u00e9s que professionnels.<\/p><p>Nous offrons une grande vari\u00e9t\u00e9 de petits d\u00e9jeuners, sandwiches, salades, de collations et de repas. Il est \u00e9galement possible d\u2019organiser des d\u00eeners priv\u00e9s tout au long de l\u2019ann\u00e9\u00e9.<\/p><p>Le restaurant peut accueillir jusqu\u2019\u00e0\u2019 40 personnes, aussi bien pour des r\u00e9gions priv\u00e9es, que des pr\u00e9sentations, des conf\u00e9rences de presse, etc.<\/p>\t\t\t\t\t\t\t\t<\/div>\n\t\t\t\t<\/div>\n\t\t\t\t\t<\/div>\n\t\t<\/div>\n\t\t\t\t<div class=\"elementor-column elementor-col-50 elementor-top-column elementor-element elementor-element-27197a6\" data-id=\"27197a6\" data-element_type=\"column\" data-e-type=\"column\">\n\t\t\t<div class=\"elementor-widget-wrap elementor-element-populated\">\n\t\t\t\t\t\t<section class=\"elementor-section elementor-inner-section elementor-element elementor-element-5a45495 elementor-section-boxed elementor-section-height-default elementor-section-height-default\" data-id=\"5a45495\" data-element_type=\"section\" data-e-type=\"section\">\n\t\t\t\t\t\t<div class=\"elementor-container elementor-column-gap-default\">\n\t\t\t\t\t<div class=\"elementor-column elementor-col-50 elementor-inner-column elementor-element elementor-element-165336d\" data-id=\"165336d\" data-element_type=\"column\" data-e-type=\"column\">\n\t\t\t<div class=\"elementor-widget-wrap elementor-element-populated\">\n\t\t\t\t\t\t<div class=\"elementor-element elementor-element-13e951b elementor-widget elementor-widget-text-editor\" data-id=\"13e951b\" data-element_type=\"widget\" data-e-type=\"widget\" data-widget_type=\"text-editor.default\">\n\t\t\t\t<div class=\"elementor-widget-container\">\n\t\t\t\t\t\t\t\t\t<p>Horaires d&rsquo;ouverture<br \/>Tous les jours de 08:30h \u00e0 18:30h<\/p><p>CUISINE OUVERTE :<br \/>Tous les jours de 9:00h \u00e0 17:30h<\/p>\t\t\t\t\t\t\t\t<\/div>\n\t\t\t\t<\/div>\n\t\t\t\t\t<\/div>\n\t\t<\/div>\n\t\t\t\t<div class=\"elementor-column elementor-col-50 elementor-inner-column elementor-element elementor-element-778bc35\" data-id=\"778bc35\" data-element_type=\"column\" data-e-type=\"column\">\n\t\t\t<div class=\"elementor-widget-wrap elementor-element-populated\">\n\t\t\t\t\t\t<div class=\"elementor-element elementor-element-8eb91c6 elementor-widget elementor-widget-text-editor\" data-id=\"8eb91c6\" data-element_type=\"widget\" data-e-type=\"widget\" data-widget_type=\"text-editor.default\">\n\t\t\t\t<div class=\"elementor-widget-container\">\n\t\t\t\t\t\t\t\t\t<p><strong>Menu<\/strong><\/p>\t\t\t\t\t\t\t\t<\/div>\n\t\t\t\t<\/div>\n\t\t\t\t<div class=\"elementor-element elementor-element-53f6c6f elementor-icon-list--layout-traditional elementor-list-item-link-full_width elementor-widget elementor-widget-icon-list\" data-id=\"53f6c6f\" data-element_type=\"widget\" data-e-type=\"widget\" data-widget_type=\"icon-list.default\">\n\t\t\t\t<div class=\"elementor-widget-container\">\n\t\t\t\t\t\t\t<ul class=\"elementor-icon-list-items\">\n\t\t\t\t\t\t\t<li class=\"elementor-icon-list-item\">\n\t\t\t\t\t\t\t\t\t\t\t<a href=\"https:\/\/www.golflasamericas.com\/wordpress\/wp-content\/uploads\/2026\/03\/Carta-comida-Frances-2026.pdf\" target=\"_blank\">\n\n\t\t\t\t\t\t\t\t\t\t\t\t<span class=\"elementor-icon-list-icon\">\n\t\t\t\t\t\t\t<i aria-hidden=\"true\" class=\"far fa-file-pdf\"><\/i>\t\t\t\t\t\t<\/span>\n\t\t\t\t\t\t\t\t\t\t<span class=\"elementor-icon-list-text\">Menu<\/span>\n\t\t\t\t\t\t\t\t\t\t\t<\/a>\n\t\t\t\t\t\t\t\t\t<\/li>\n\t\t\t\t\t\t\t\t<li class=\"elementor-icon-list-item\">\n\t\t\t\t\t\t\t\t\t\t\t<a href=\"https:\/\/www.golflasamericas.com\/wordpress\/wp-content\/uploads\/2025\/12\/Carta-Bebidas-Rest.-Casa-Club.pdf\" target=\"_blank\">\n\n\t\t\t\t\t\t\t\t\t\t\t\t<span class=\"elementor-icon-list-icon\">\n\t\t\t\t\t\t\t<i aria-hidden=\"true\" class=\"far fa-file-pdf\"><\/i>\t\t\t\t\t\t<\/span>\n\t\t\t\t\t\t\t\t\t\t<span class=\"elementor-icon-list-text\">Boissons<\/span>\n\t\t\t\t\t\t\t\t\t\t\t<\/a>\n\t\t\t\t\t\t\t\t\t<\/li>\n\t\t\t\t\t\t<\/ul>\n\t\t\t\t\t\t<\/div>\n\t\t\t\t<\/div>\n\t\t\t\t\t<\/div>\n\t\t<\/div>\n\t\t\t\t\t<\/div>\n\t\t<\/section>\n\t\t\t\t\t<\/div>\n\t\t<\/div>\n\t\t\t\t\t<\/div>\n\t\t<\/section>\n\t\t\t\t<\/div>\n\t\t","protected":false},"excerpt":{"rendered":"<p>Restaurant Le restaurant du club est un lieu de rencontre au sein de Golf Las Americas. Ce restaurant unique dispose d\u2019une salle \u00e0 manger couverte, une grande terrasse donnant sur le golf et une salle \u00e1 manger priv\u00e9e pour tous types d\u2019\u00e9v\u00e9nements aussi bien priv\u00e9s que professionnels. Nous offrons une grande vari\u00e9t\u00e9 de petits d\u00e9jeuners, [&hellip;]<\/p>\n","protected":false},"author":1,"featured_media":0,"parent":1467,"menu_order":0,"comment_status":"closed","ping_status":"closed","template":"elementor_header_footer","meta":{"footnotes":""},"class_list":["post-1550","page","type-page","status-publish","hentry"],"_links":{"self":[{"href":"https:\/\/www.golflasamericas.com\/fr\/wp-json\/wp\/v2\/pages\/1550","targetHints":{"allow":["GET"]}}],"collection":[{"href":"https:\/\/www.golflasamericas.com\/fr\/wp-json\/wp\/v2\/pages"}],"about":[{"href":"https:\/\/www.golflasamericas.com\/fr\/wp-json\/wp\/v2\/types\/page"}],"author":[{"embeddable":true,"href":"https:\/\/www.golflasamericas.com\/fr\/wp-json\/wp\/v2\/users\/1"}],"replies":[{"embeddable":true,"href":"https:\/\/www.golflasamericas.com\/fr\/wp-json\/wp\/v2\/comments?post=1550"}],"version-history":[{"count":109,"href":"https:\/\/www.golflasamericas.com\/fr\/wp-json\/wp\/v2\/pages\/1550\/revisions"}],"predecessor-version":[{"id":14935,"href":"https:\/\/www.golflasamericas.com\/fr\/wp-json\/wp\/v2\/pages\/1550\/revisions\/14935"}],"up":[{"embeddable":true,"href":"https:\/\/www.golflasamericas.com\/fr\/wp-json\/wp\/v2\/pages\/1467"}],"wp:attachment":[{"href":"https:\/\/www.golflasamericas.com\/fr\/wp-json\/wp\/v2\/media?parent=1550"}],"curies":[{"name":"wp","href":"https:\/\/api.w.org\/{rel}","templated":true}]}}