{"id":1462,"date":"2021-06-15T10:32:21","date_gmt":"2021-06-15T09:32:21","guid":{"rendered":"https:\/\/www.golflasamericas.com\/wordpress\/?page_id=1462"},"modified":"2025-10-30T16:32:29","modified_gmt":"2025-10-30T15:32:29","slug":"avis-juridique","status":"publish","type":"page","link":"https:\/\/www.golflasamericas.com\/fr\/avis-juridique\/","title":{"rendered":"Avis juridique"},"content":{"rendered":"\t\t<div data-elementor-type=\"wp-page\" data-elementor-id=\"1462\" class=\"elementor elementor-1462 elementor-677\" data-elementor-post-type=\"page\">\n\t\t\t\t\t\t<section class=\"elementor-section elementor-top-section elementor-element elementor-element-dbd4536 elementor-section-full_width elementor-section-height-min-height elementor-section-height-default elementor-section-items-middle\" data-id=\"dbd4536\" data-element_type=\"section\" data-e-type=\"section\" data-settings=\"{&quot;background_background&quot;:&quot;classic&quot;}\">\n\t\t\t\t\t\t<div class=\"elementor-container elementor-column-gap-default\">\n\t\t\t\t\t<div class=\"elementor-column elementor-col-100 elementor-top-column elementor-element elementor-element-21208f6\" data-id=\"21208f6\" data-element_type=\"column\" data-e-type=\"column\">\n\t\t\t<div class=\"elementor-widget-wrap elementor-element-populated\">\n\t\t\t\t\t\t<section class=\"elementor-section elementor-inner-section elementor-element elementor-element-ba31e48 elementor-section-boxed elementor-section-height-default elementor-section-height-default\" data-id=\"ba31e48\" data-element_type=\"section\" data-e-type=\"section\">\n\t\t\t\t\t\t<div class=\"elementor-container elementor-column-gap-default\">\n\t\t\t\t\t<div class=\"elementor-column elementor-col-100 elementor-inner-column elementor-element elementor-element-6fb651e\" data-id=\"6fb651e\" data-element_type=\"column\" data-e-type=\"column\">\n\t\t\t<div class=\"elementor-widget-wrap elementor-element-populated\">\n\t\t\t\t\t\t\t<\/div>\n\t\t<\/div>\n\t\t\t\t\t<\/div>\n\t\t<\/section>\n\t\t\t\t\t<\/div>\n\t\t<\/div>\n\t\t\t\t\t<\/div>\n\t\t<\/section>\n\t\t\t\t<section class=\"elementor-section elementor-top-section elementor-element elementor-element-94472b0 elementor-section-boxed elementor-section-height-default elementor-section-height-default\" data-id=\"94472b0\" data-element_type=\"section\" data-e-type=\"section\">\n\t\t\t\t\t\t<div class=\"elementor-container elementor-column-gap-default\">\n\t\t\t\t\t<div class=\"elementor-column elementor-col-100 elementor-top-column elementor-element elementor-element-e8f468e\" data-id=\"e8f468e\" data-element_type=\"column\" data-e-type=\"column\">\n\t\t\t<div class=\"elementor-widget-wrap elementor-element-populated\">\n\t\t\t\t\t\t<div class=\"elementor-element elementor-element-dbbc4d4 elementor-widget elementor-widget-text-editor\" data-id=\"dbbc4d4\" data-element_type=\"widget\" data-e-type=\"widget\" data-widget_type=\"text-editor.default\">\n\t\t\t\t<div class=\"elementor-widget-container\">\n\t\t\t\t\t\t\t\t\t<h4>I. OBJET<\/h4><p>Les pr\u00e9sentes conditions l\u00e9gales sont \u00e9tablies par Golf Am\u00e9ricas S.A., ci-apr\u00e8s d\u00e9nomm\u00e9e GOLF AM\u00c9RICAS, afin de d\u00e9terminer les crit\u00e8res et conditions d&rsquo;utilisation du site web : www.golflasamericas.com.<\/p><p>Coordonn\u00e9es du propri\u00e9taire<\/p><p>Conform\u00e9ment aux dispositions de la loi sur les services de la soci\u00e9t\u00e9 de l&rsquo;information et le commerce \u00e9lectronique LSSICE 34\/2002, GOLF AM\u00c9RICAS met \u00e0 disposition les coordonn\u00e9es du propri\u00e9taire du pr\u00e9sent site web :<\/p><p>Identification et contact<\/p><p>Golf Am\u00e9ricas S.A.<br \/>NIF : A38335121<br \/>Adresse : C\/ Rafael Puig ,10 &#8211; 38660, Adeje, Santa Cruz de Tenerife<br \/>T\u00e9l\u00e9phone : 922 79 05 57<br \/>Courriel : lopd@golf-tenerife.com<br \/>Inscrite au registre du commerce de Santa Cruz de Tenerife, tome 1018, folio 12, section 8<\/p><p>En acc\u00e9dant \u00e0 ce site web, le navigateur acquiert le statut d&rsquo;utilisateur. En acc\u00e9dant, en utilisant et en profitant de ce site web, l&rsquo;utilisateur accepte les conditions \u00e9nonc\u00e9es dans la pr\u00e9sente section, dans la version publi\u00e9e au moment o\u00f9 il y acc\u00e8de. GOLF AM\u00c9RICAS se r\u00e9serve le droit de modifier \u00e0 tout moment ses conditions l\u00e9gales, ainsi que d&rsquo;apporter toute am\u00e9lioration technique ou visuelle qu&rsquo;elle juge appropri\u00e9e. Si les modifications ont une incidence sur la vie priv\u00e9e des utilisateurs, ceux-ci en seront inform\u00e9s avant l&rsquo;entr\u00e9e en vigueur des changements.<\/p><p>\u00a0<\/p><h4>II. POLITIQUE DE CONFIDENTIALIT\u00c9<\/h4><p>Vous pouvez consulter notre politique de confidentialit\u00e9 en cliquant sur le lien suivant : https:\/\/www.golflasamericas.com\/politica-de-privacidad\/<\/p><h4><br \/>III. POLITIQUE EN MATI\u00c8RE DE LIENS<\/h4><p>Ce site web contient des liens vers des pages tierces, dans le but de fournir des informations suppl\u00e9mentaires sur les sujets trait\u00e9s dans notre section actualit\u00e9s, d&rsquo;\u00e9largir les informations sur nos services, ainsi que de faciliter l&rsquo;acc\u00e8s des utilisateurs aux profils dont dispose GOLF AM\u00c9RICAS sur les diff\u00e9rents r\u00e9seaux sociaux et services de plateformes Internet.<\/p><p>GOLF AM\u00c9RICAS g\u00e8re et est responsable uniquement du site web www.golflasamericas.com. Les liens figurant sur son site web ont \u00e9t\u00e9 choisis de bonne foi, avec le soin n\u00e9cessaire, mais GOLF AM\u00c9RICAS n&rsquo;est en aucun cas responsable des contenus, offres et\/ou produits et services que l&rsquo;utilisateur peut trouver sur les pages vers lesquelles ils redirigent.<\/p><p>\u00a0<\/p><h4>IV. PROPRI\u00c9T\u00c9 INTELLECTUELLE<\/h4><p>GOLF LAS AM\u00c9RICAS est une marque d\u00e9pos\u00e9e aupr\u00e8s de l&rsquo;Office espagnol des brevets et des marques (OEPM) par Golf Am\u00e9ricas S.A. Elle ne peut \u00eatre utilis\u00e9e par quiconque autre que son propri\u00e9taire, sauf avec son consentement.<\/p><p>De m\u00eame, tout le contenu du site web, la conception, les applications, le contenu graphique et multim\u00e9dia, les publications sur le blog, le contenu \u00e9crit des diff\u00e9rentes sections, le d\u00e9veloppement web, les logos, les marques, les produits et tout autre objet soumis \u00e0 des droits de propri\u00e9t\u00e9 intellectuelle et industrielle, mentionn\u00e9s ou non dans la liste ci-dessus, qui est indicative et non limitative, sont la propri\u00e9t\u00e9 de Golf Am\u00e9ricas S.A. ou de tiers. La reproduction totale ou partielle, la copie, la distribution, la divulgation, la transformation, la commercialisation ou toute autre activit\u00e9 portant atteinte aux droits du propri\u00e9taire du site web ou aux titulaires des droits de propri\u00e9t\u00e9 intellectuelle ou industrielle sont interdites. Les utilisateurs ne peuvent faire qu&rsquo;un usage priv\u00e9 de ce site web.<\/p><p>\u00a0<\/p><h4>V. OBLIGATIONS DE L&rsquo;UTILISATEUR<\/h4><p>En acc\u00e9dant et en utilisant ce site web, l&rsquo;utilisateur accepte implicitement les conditions g\u00e9n\u00e9rales suivantes :<\/p><p>Propri\u00e9t\u00e9 intellectuelle : L&rsquo;utilisateur ne peut utiliser les informations contenues dans ce site, ni sa conception, ni son contenu graphique sans l&rsquo;autorisation des propri\u00e9taires du site web ou des titulaires des droits de propri\u00e9t\u00e9 intellectuelle et industrielle. Dans le cas contraire, il enfreindrait les droits de propri\u00e9t\u00e9 intellectuelle et industrielle.<br \/>La reproduction totale ou partielle du contenu du site web est interdite.<br \/>L&rsquo;utilisation du nom commercial, de la marque, de l&rsquo;image ou du logo de GOLF AM\u00c9RICAS est interdite.<br \/>Si vous souhaitez reproduire ou utiliser les publications du blog, vous devez demander l&rsquo;autorisation du propri\u00e9taire du site web.<br \/>L&rsquo;utilisateur est responsable de la v\u00e9racit\u00e9 des donn\u00e9es qu&rsquo;il fournit et s&rsquo;engage \u00e0 communiquer tout changement les concernant.<br \/>L&rsquo;acceptation de l&rsquo;installation de cookies est volontaire. L&rsquo;utilisateur doit les bloquer ou quitter la page avant leur installation, qui aura lieu apr\u00e8s un d\u00e9lai raisonnable suivant son acc\u00e8s au site web.<\/p><p>\u00a0<\/p><h4>VI. EXCLUSIONS DE RESPONSABILIT\u00c9<\/h4><p>Protection des donn\u00e9es : GOLF AM\u00c9RICAS a \u00e9tabli et mis en place les mesures techniques et organisationnelles n\u00e9cessaires pour garantir la s\u00e9curit\u00e9 des donn\u00e9es \u00e0 caract\u00e8re personnel fournies par l&rsquo;utilisateur, de mani\u00e8re \u00e0 \u00e9viter leur alt\u00e9ration, leur perte, leur traitement et\/ou leur acc\u00e8s non autoris\u00e9, compte tenu de l&rsquo;\u00e9tat de la technologie, de la nature des donn\u00e9es stock\u00e9es et des risques auxquels elles sont expos\u00e9es, qu&rsquo;ils proviennent d&rsquo;une action humaine ou de l&rsquo;environnement physique ou naturel.<\/p><p>Cookies : l&rsquo;utilisateur qui bloque les cookies ou les technologies similaires doit savoir que ce blocage peut entra\u00eener des d\u00e9faillances dans la navigation et l&rsquo;utilisation de ce site web. \u00c0 cet \u00e9gard, GOLF AM\u00c9RICAS ne sera pas responsable, en tout ou en partie, de cet incident. Vous pouvez consulter notre politique de confidentialit\u00e9 sur https:\/\/www.golflasamericas.com\/politica-de-privacidad\/<\/p><p>\u00a0<\/p><h4>VII. LOI APPLICABLE ET JURIDICTION<\/h4><p>Les r\u00e8gles du syst\u00e8me juridique espagnol seront applicables.<\/p><p>Consommateurs et utilisateurs : en cas de litige, les tribunaux comp\u00e9tents pour conna\u00eetre de l&rsquo;affaire seront ceux pr\u00e9vus par la r\u00e9glementation l\u00e9gale applicable : le domicile de l&rsquo;acheteur ou le lieu d&rsquo;ex\u00e9cution de l&rsquo;obligation.<\/p><p>Acheteur professionnel ou entreprise : en cas de litige entre les parties, celles-ci renoncent express\u00e9ment \u00e0 leur propre juridiction et se soumettent \u00e0 la juridiction des tribunaux et cours d&rsquo;Adeje.<\/p>\t\t\t\t\t\t\t\t<\/div>\n\t\t\t\t<\/div>\n\t\t\t\t\t<\/div>\n\t\t<\/div>\n\t\t\t\t\t<\/div>\n\t\t<\/section>\n\t\t\t\t<\/div>\n\t\t","protected":false},"excerpt":{"rendered":"<p>I. OBJET Les pr\u00e9sentes conditions l\u00e9gales sont \u00e9tablies par Golf Am\u00e9ricas S.A., ci-apr\u00e8s d\u00e9nomm\u00e9e GOLF AM\u00c9RICAS, afin de d\u00e9terminer les crit\u00e8res et conditions d&rsquo;utilisation du site web : www.golflasamericas.com. Coordonn\u00e9es du propri\u00e9taire Conform\u00e9ment aux dispositions de la loi sur les services de la soci\u00e9t\u00e9 de l&rsquo;information et le commerce \u00e9lectronique LSSICE 34\/2002, GOLF AM\u00c9RICAS met [&hellip;]<\/p>\n","protected":false},"author":1,"featured_media":0,"parent":0,"menu_order":0,"comment_status":"closed","ping_status":"closed","template":"elementor_header_footer","meta":{"footnotes":""},"class_list":["post-1462","page","type-page","status-publish","hentry"],"_links":{"self":[{"href":"https:\/\/www.golflasamericas.com\/fr\/wp-json\/wp\/v2\/pages\/1462","targetHints":{"allow":["GET"]}}],"collection":[{"href":"https:\/\/www.golflasamericas.com\/fr\/wp-json\/wp\/v2\/pages"}],"about":[{"href":"https:\/\/www.golflasamericas.com\/fr\/wp-json\/wp\/v2\/types\/page"}],"author":[{"embeddable":true,"href":"https:\/\/www.golflasamericas.com\/fr\/wp-json\/wp\/v2\/users\/1"}],"replies":[{"embeddable":true,"href":"https:\/\/www.golflasamericas.com\/fr\/wp-json\/wp\/v2\/comments?post=1462"}],"version-history":[{"count":16,"href":"https:\/\/www.golflasamericas.com\/fr\/wp-json\/wp\/v2\/pages\/1462\/revisions"}],"predecessor-version":[{"id":14428,"href":"https:\/\/www.golflasamericas.com\/fr\/wp-json\/wp\/v2\/pages\/1462\/revisions\/14428"}],"wp:attachment":[{"href":"https:\/\/www.golflasamericas.com\/fr\/wp-json\/wp\/v2\/media?parent=1462"}],"curies":[{"name":"wp","href":"https:\/\/api.w.org\/{rel}","templated":true}]}}