{"id":14435,"date":"2025-10-30T16:37:42","date_gmt":"2025-10-30T15:37:42","guid":{"rendered":"https:\/\/www.golflasamericas.com\/?page_id=14435"},"modified":"2025-10-30T16:59:18","modified_gmt":"2025-10-30T15:59:18","slug":"politique-de-confidentialite","status":"publish","type":"page","link":"https:\/\/www.golflasamericas.com\/fr\/politique-de-confidentialite\/","title":{"rendered":"Politique de confidentialit\u00e9"},"content":{"rendered":"\t\t<div data-elementor-type=\"wp-page\" data-elementor-id=\"14435\" class=\"elementor elementor-14435 elementor-14432\" data-elementor-post-type=\"page\">\n\t\t\t\t\t\t<section class=\"elementor-section elementor-top-section elementor-element elementor-element-dbd4536 elementor-section-full_width elementor-section-height-min-height elementor-section-height-default elementor-section-items-middle\" data-id=\"dbd4536\" data-element_type=\"section\" data-e-type=\"section\" data-settings=\"{&quot;background_background&quot;:&quot;classic&quot;}\">\n\t\t\t\t\t\t<div class=\"elementor-container elementor-column-gap-default\">\n\t\t\t\t\t<div class=\"elementor-column elementor-col-100 elementor-top-column elementor-element elementor-element-21208f6\" data-id=\"21208f6\" data-element_type=\"column\" data-e-type=\"column\">\n\t\t\t<div class=\"elementor-widget-wrap elementor-element-populated\">\n\t\t\t\t\t\t<section class=\"elementor-section elementor-inner-section elementor-element elementor-element-ba31e48 elementor-section-boxed elementor-section-height-default elementor-section-height-default\" data-id=\"ba31e48\" data-element_type=\"section\" data-e-type=\"section\">\n\t\t\t\t\t\t<div class=\"elementor-container elementor-column-gap-default\">\n\t\t\t\t\t<div class=\"elementor-column elementor-col-100 elementor-inner-column elementor-element elementor-element-6fb651e\" data-id=\"6fb651e\" data-element_type=\"column\" data-e-type=\"column\">\n\t\t\t<div class=\"elementor-widget-wrap elementor-element-populated\">\n\t\t\t\t\t\t\t<\/div>\n\t\t<\/div>\n\t\t\t\t\t<\/div>\n\t\t<\/section>\n\t\t\t\t\t<\/div>\n\t\t<\/div>\n\t\t\t\t\t<\/div>\n\t\t<\/section>\n\t\t\t\t<section class=\"elementor-section elementor-top-section elementor-element elementor-element-94472b0 elementor-section-boxed elementor-section-height-default elementor-section-height-default\" data-id=\"94472b0\" data-element_type=\"section\" data-e-type=\"section\">\n\t\t\t\t\t\t<div class=\"elementor-container elementor-column-gap-default\">\n\t\t\t\t\t<div class=\"elementor-column elementor-col-100 elementor-top-column elementor-element elementor-element-e8f468e\" data-id=\"e8f468e\" data-element_type=\"column\" data-e-type=\"column\">\n\t\t\t<div class=\"elementor-widget-wrap elementor-element-populated\">\n\t\t\t\t\t\t<div class=\"elementor-element elementor-element-dbbc4d4 elementor-widget elementor-widget-text-editor\" data-id=\"dbbc4d4\" data-element_type=\"widget\" data-e-type=\"widget\" data-widget_type=\"text-editor.default\">\n\t\t\t\t<div class=\"elementor-widget-container\">\n\t\t\t\t\t\t\t\t\t<p>Conform\u00e9ment \u00e0 l&rsquo;article 13 et aux principes de lic\u00e9it\u00e9, de loyaut\u00e9 et de transparence \u00e9tablis dans le r\u00e8glement UE 2016\/679, r\u00e8glement g\u00e9n\u00e9ral sur la protection des donn\u00e9es (ci-apr\u00e8s RGPD), nous vous informons que :<\/p><p>Le responsable du traitement des donn\u00e9es personnelles pouvant \u00eatre collect\u00e9es par le biais des moyens de contact mis \u00e0 votre disposition sur ce site web est Golf Am\u00e9ricas S.A., titulaire du num\u00e9ro d&rsquo;identification fiscale (NIF) A38335121, et dont le si\u00e8ge social est situ\u00e9 C\/ Rafael Puig ,10 &#8211; 38660, Adeje, Santa Cruz de Tenerife. Vous pouvez contacter le responsable par t\u00e9l\u00e9phone au 922 79 05 57 ou par e-mail \u00e0 l&rsquo;adresse lopd@golf-tenerife.com. Ci-apr\u00e8s d\u00e9nomm\u00e9 GOLF AM\u00c9RICAS.<\/p><p>Notre d\u00e9l\u00e9gu\u00e9 \u00e0 la protection des donn\u00e9es est Dataseg Consultores y Auditores, dont le num\u00e9ro d&rsquo;identification fiscale est le B76752997 et dont le si\u00e8ge social est situ\u00e9 c\/ Salvial, 24, of. 5 \u2013 38206, La Laguna, Tenerife. Vous pouvez contacter le d\u00e9l\u00e9gu\u00e9 par t\u00e9l\u00e9phone au 922 215 406 ou par e-mail \u00e0 l&rsquo;adresse dpo@dataseg.es.<\/p><h4><br \/>1. Informations relatives \u00e0 la protection des donn\u00e9es trait\u00e9es dans le cadre du site web.<\/h4><p>Les donn\u00e9es personnelles que vous fournissez \u00e0 GOLF AM\u00c9RICAS via ce site web, ou par l&rsquo;un des moyens de contact mis \u00e0 votre disposition, peuvent \u00eatre trait\u00e9es aux fins correspondant \u00e0 la raison pour laquelle vous les avez fournies.<\/p><p>Ainsi, les donn\u00e9es fournies peuvent \u00eatre utilis\u00e9es aux fins suivantes, en fonction de la raison pour laquelle vous les avez fournies :<\/p><p>Demandes d&rsquo;informations.<br \/>Description : g\u00e9rer les demandes d&rsquo;informations et r\u00e9pondre aux questions qui nous sont adress\u00e9es.<br \/>Base juridique : consentement de la personne concern\u00e9e, art. 6.1.a RGPD.<br \/>Conservation : les donn\u00e9es seront utilis\u00e9es exclusivement pour r\u00e9pondre aux questions pos\u00e9es, puis elles seront supprim\u00e9es. Le d\u00e9lai de suppression sera de 6 mois maximum \u00e0 compter du dernier contact avec l&rsquo;utilisateur demandeur.<br \/>Destinataires : les donn\u00e9es ne seront pas c\u00e9d\u00e9es \u00e0 des tiers, sauf obligation l\u00e9gale.<br \/>Utilisateurs inscrits \u00e0 la newsletter.<br \/>Finalit\u00e9 : vous envoyer par e-mail des informations sur les offres et promotions ainsi que des informations publicitaires de GOLF AM\u00c9RICAS.<br \/>Base juridique : consentement de la personne concern\u00e9e, art. 6.1.a RGPD.<br \/>Conservation : jusqu&rsquo;\u00e0 ce que l&rsquo;utilisateur demande \u00e0 se d\u00e9sabonner de la newsletter ou du service d&rsquo;envoi d&rsquo;informations.<br \/>Destinataires : les donn\u00e9es ne seront pas c\u00e9d\u00e9es \u00e0 des tiers, sauf obligation l\u00e9gale.<br \/>Analyse des visites du site web \u00e0 l&rsquo;aide de cookies.<br \/>Finalit\u00e9 : gestion des donn\u00e9es de navigation et des pr\u00e9f\u00e9rences des utilisateurs.<br \/>Base juridique : consentement de la personne concern\u00e9e, art. 6.1.a RGPD.<\/p><p>Conservation : la dur\u00e9e de conservation des donn\u00e9es collect\u00e9es par les cookies sera celle indiqu\u00e9e dans le tableau figurant dans la politique en mati\u00e8re de cookies https:\/\/www.golflasamericas.com\/cookies. La dur\u00e9e sera calcul\u00e9e \u00e0 partir de la fin de chaque session de l&rsquo;utilisateur sur le site web.<br \/>Destinataires : dans le cas des cookies tiers, les donn\u00e9es de navigation sont g\u00e9r\u00e9es par les propri\u00e9taires de ces cookies.<br \/>Gestion des r\u00e9servations.<br \/>Finalit\u00e9s :<br \/>(1) gestion de votre r\u00e9servation du terrain de golf et encaissement d&rsquo;une partie de celle-ci.<br \/>(2) si vous donnez votre consentement en cochant la case correspondante, cr\u00e9ation d&rsquo;un compte utilisateur.<br \/>Base juridique :<br \/>(1) application de mesures pr\u00e9contractuelles, art. 6.1.b. RGPD.<br \/>(2) consentement de la personne concern\u00e9e, art. 6.1.a. RGPD.<br \/>Conservation :<br \/>(1) elles seront conserv\u00e9es pendant la dur\u00e9e requise en mati\u00e8re de responsabilit\u00e9 civile, de respect des obligations envers l&rsquo;administration publique, financi\u00e8re et fiscale.<br \/>(2) jusqu&rsquo;\u00e0 ce que vous demandiez la suppression du compte utilisateur.<br \/>Destinataires : les donn\u00e9es peuvent \u00eatre communiqu\u00e9es aux administrations publiques comp\u00e9tentes, aux banques et aux caisses d&rsquo;\u00e9pargne, le cas \u00e9ch\u00e9ant, ainsi qu&rsquo;aux tiers indispensables au d\u00e9veloppement de la relation contractuelle (banques, caisses d&rsquo;\u00e9pargne, le cas \u00e9ch\u00e9ant).<\/p><p>\u00a0<\/p><h4>2. Traitement des donn\u00e9es collect\u00e9es via des formulaires, des supports ou des documents renvoyant \u00e0 la politique de confidentialit\u00e9 de GOLF AM\u00c9RICAS :<\/h4><p>Finalit\u00e9s du traitement des donn\u00e9es. Les donn\u00e9es personnelles collect\u00e9es dans les diff\u00e9rents documents, supports ou formulaires qui renvoient \u00e0 la pr\u00e9sente politique de confidentialit\u00e9, en tant qu&rsquo;informations compl\u00e9mentaires en mati\u00e8re de protection des donn\u00e9es, peuvent \u00eatre trait\u00e9es aux fins applicables, selon l&rsquo;un des cas suivants :<\/p><p>Factures.<br \/>Finalit\u00e9 : g\u00e9rer la relation contractuelle ou pr\u00e9contractuelle entre vous et GOLF AM\u00c9RICAS, ainsi que pour sa gestion administrative, fiscale et comptable.<br \/>Base juridique : ex\u00e9cution d&rsquo;un contrat ou application de mesures pr\u00e9contractuelles, art. 6.1.b RGPD.<br \/>Conservation : pendant la dur\u00e9e requise par la l\u00e9gislation en vigueur en mati\u00e8re civile, financi\u00e8re et fiscale.<br \/>Destinataires : les donn\u00e9es peuvent \u00eatre communiqu\u00e9es aux administrations publiques comp\u00e9tentes, aux banques et aux caisses d&rsquo;\u00e9pargne, selon le cas.<br \/>Devis.<br \/>Finalit\u00e9 : \u00e9laborer, remettre\/envoyer le devis, ainsi que pour effectuer des actions de suivi et de prospection commerciale, par t\u00e9l\u00e9phone, par voie t\u00e9l\u00e9matique ou en personne.<br \/>Base juridique : consentement de la personne concern\u00e9e, ainsi que l&rsquo;application, \u00e0 sa demande, de mesures pr\u00e9contractuelles, art. 6.1.b RGPD.<\/p><p>Conservation : pendant la dur\u00e9e exig\u00e9e par la l\u00e9gislation en vigueur en mati\u00e8re civile, commerciale, financi\u00e8re et fiscale. Le d\u00e9lai court \u00e0 compter de la fin de la gestion du budget.<br \/>Destinataires : les donn\u00e9es ne seront pas c\u00e9d\u00e9es \u00e0 des tiers, sauf obligation l\u00e9gale.<br \/>CV.<br \/>Finalit\u00e9 : traiter votre demande d&#8217;emploi et vous prendre en compte dans les processus de s\u00e9lection du personnel.<br \/>Base juridique : consentement de la personne concern\u00e9e, art. 6.1.a. RGPD.<br \/>Conservation : les donn\u00e9es seront conserv\u00e9es pendant une dur\u00e9e maximale de 2 ans.<br \/>Destinataires : les donn\u00e9es ne seront pas c\u00e9d\u00e9es \u00e0 des tiers, sauf obligation l\u00e9gale.<br \/>Gestion du courrier et du carnet d&rsquo;adresses.<br \/>Finalit\u00e9s : r\u00e9pondre aux demandes ponctuelles d&rsquo;informations, par courrier \u00e9lectronique ou par t\u00e9l\u00e9phone ; g\u00e9rer l&rsquo;agenda des contacts ; ex\u00e9cuter des contrats ou des mesures pr\u00e9contractuelles.<br \/>Base juridique : consentement de la personne concern\u00e9e dans le cas de demandes d&rsquo;informations ou de consultations (art. 6.1.a RGPD), application de mesures pr\u00e9contractuelles ou ex\u00e9cution d&rsquo;un contrat (art. 6.1.b RGPD), et int\u00e9r\u00eat l\u00e9gitime dans le traitement des donn\u00e9es des personnes de contact (art. 6.1.f RGPD).<br \/>Conservation : les donn\u00e9es seront conserv\u00e9es dans la mesure o\u00f9 elles sont n\u00e9cessaires au respect des obligations l\u00e9gales d\u00e9coulant de la relation existante. Une fois celles-ci \u00e9teintes, les donn\u00e9es seront supprim\u00e9es.<\/p><p>Destinataires : les donn\u00e9es ne seront pas transmises \u00e0 des tiers, sauf obligation l\u00e9gale.<br \/>Formulaire d&rsquo;inscription aux tournois.<br \/>Finalit\u00e9s :<br \/>(1) G\u00e9rer votre inscription au tournoi, le bon d\u00e9roulement de celui-ci, ainsi que la relation contractuelle d\u00e9coulant de cette inscription.<br \/>(2) Vous envoyer des informations sur les \u00e9v\u00e9nements et activit\u00e9s futurs de GOLF AM\u00c9RICAS S.A., ainsi que des communications commerciales sur les offres et les publications de notre blog.<br \/>(3) R\u00e9aliser un reportage audiovisuel sur le d\u00e9roulement du tournoi.<br \/>Base juridique :<br \/>(1) ex\u00e9cution d&rsquo;un contrat, art. 6.1.b. RGPD.<br \/>(2) la base juridique du traitement repose sur l&rsquo;existence d&rsquo;une relation commerciale conform\u00e9ment \u00e0 l&rsquo;article 21.2 LSSI.<br \/>(3) consentement de la personne concern\u00e9e, art. 6.1.a. RGPD.<br \/>Conservation :<br \/>(1) pendant la dur\u00e9e requise par la l\u00e9gislation en vigueur en mati\u00e8re civile, commerciale, financi\u00e8re et fiscale.<br \/>(2) jusqu&rsquo;\u00e0 ce que la personne concern\u00e9e demande \u00e0 \u00eatre retir\u00e9e de la liste de diffusion ou du service d&rsquo;envoi d&rsquo;informations.<br \/>(3) jusqu&rsquo;\u00e0 ce que la personne concern\u00e9e demande la suppression du contenu publi\u00e9.<br \/>Destinataires : les donn\u00e9es peuvent \u00eatre transmises aux sponsors du tournoi, qui peuvent \u00e9galement publier sur leurs r\u00e9seaux sociaux et leur site web les images captur\u00e9es pendant le d\u00e9roulement de celui-ci.<br \/>Transfert international de donn\u00e9es vers les \u00c9tats-Unis. Pour l&rsquo;utilisation des r\u00e9seaux sociaux, voir la section 5 de la pr\u00e9sente politique de confidentialit\u00e9.<\/p><p>Contrats (coordonn\u00e9es des personnes \u00e0 contacter et des signataires).<br \/>Finalit\u00e9 : les donn\u00e9es personnelles des signataires des contrats, lorsqu&rsquo;il s&rsquo;agit de personnes physiques ou de repr\u00e9sentants d&rsquo;une personne morale, seront trait\u00e9es dans le but de formaliser le contrat et d&rsquo;en assurer l&rsquo;ex\u00e9cution. Les donn\u00e9es des employ\u00e9s des parties seront \u00e9galement trait\u00e9es \u00e0 cette derni\u00e8re fin.<br \/>Base juridique : ex\u00e9cution d&rsquo;un contrat, art. 6.1.b RGPD, et int\u00e9r\u00eat l\u00e9gitime de GOLF AM\u00c9RICAS \u00e0 traiter les donn\u00e9es des personnes de contact conform\u00e9ment \u00e0 l&rsquo;art. 19 LOPD 3\/2018.<br \/>Conservation : pendant la dur\u00e9e exig\u00e9e par la l\u00e9gislation en vigueur en mati\u00e8re civile, commerciale, financi\u00e8re et fiscale.<br \/>Destinataires : les donn\u00e9es ne seront pas c\u00e9d\u00e9es \u00e0 des tiers, sauf obligation l\u00e9gale.<br \/>Formulaires et demandes effectu\u00e9s au nom d&rsquo;entreprises.<br \/>Finalit\u00e9 : les donn\u00e9es personnelles des personnes de contact et des repr\u00e9sentants l\u00e9gaux lorsqu&rsquo;ils agissent au nom de personnes morales ou d&rsquo;autres organisations pour effectuer des demandes d&rsquo;informations, s&rsquo;inscrire \u00e0 des appels \u00e0 candidatures ou participer \u00e0 des \u00e9v\u00e9nements et activit\u00e9s organis\u00e9s par GOLF AM\u00c9RICAS, seront trait\u00e9es exclusivement \u00e0 cette fin.<\/p><p>Base juridique : int\u00e9r\u00eat l\u00e9gitime de GOLF AM\u00c9RICAS \u00e0 traiter les donn\u00e9es des personnes de contact et des repr\u00e9sentants l\u00e9gaux conform\u00e9ment \u00e0 l&rsquo;article 19 de la loi LOPD 3\/2018.<br \/>Conservation : pendant la dur\u00e9e exig\u00e9e par la l\u00e9gislation en vigueur en mati\u00e8re civile, commerciale et administrative applicable \u00e0 GOLF AM\u00c9RICAS.<br \/>Destinataires : les donn\u00e9es ne seront pas c\u00e9d\u00e9es \u00e0 des tiers, sauf obligation l\u00e9gale. Dans tous les cas, toutes les convocations seront r\u00e9gies par leurs propres conditions.<br \/>Envoi de courriers d&rsquo;information.<br \/>Finalit\u00e9s : vous envoyer des informations sur les \u00e9v\u00e9nements et activit\u00e9s, les offres, les promotions et autres actions commerciales, les publications sur le blog et toute autre information d&rsquo;int\u00e9r\u00eat concernant GOLF AM\u00c9RICAS.<br \/>Base juridique : elle peut \u00eatre, selon le cas :<br \/>Le consentement de la personne concern\u00e9e, art. 6.1.a. RGPD, si celui-ci a \u00e9t\u00e9 donn\u00e9 via l&rsquo;un de nos formulaires de contact ou via le site web.<br \/>Dans le cas des clients de GOLF AM\u00c9RICAS, l&rsquo;envoi d&rsquo;informations publicitaires est l\u00e9gitim\u00e9 par l&rsquo;int\u00e9r\u00eat l\u00e9gitime du responsable du traitement, conform\u00e9ment \u00e0 l&rsquo;article 21.2 de la LSSI 34\/2002.<br \/>Conservation : jusqu&rsquo;\u00e0 ce que vous demandiez leur suppression ou que vous vous d\u00e9sinscriviez du service d&rsquo;informations publicitaires.<br \/>Destinataires : les donn\u00e9es ne seront pas c\u00e9d\u00e9es \u00e0 des tiers, sauf obligation l\u00e9gale.<\/p><p>Autorisation de capture et de publication d&rsquo;images.<br \/>Finalit\u00e9 : capturer des images du signataire ou de la personne qu&rsquo;il repr\u00e9sente, ainsi que leur publication sur les r\u00e9seaux sociaux, les sites web et autres moyens de communication, dans le but de diffuser les activit\u00e9s de GOLF AM\u00c9RICAS, ainsi que ses produits ou services.<br \/>Base juridique : consentement de la personne concern\u00e9e, art. 6.1.a. RGPD.<br \/>Conservation : jusqu&rsquo;\u00e0 ce que vous demandiez la suppression du contenu publi\u00e9.<br \/>Destinataires : les images captur\u00e9es seront publi\u00e9es sur le site web et sur les diff\u00e9rents profils des r\u00e9seaux sociaux de GOLF AM\u00c9RICAS.<br \/>Transfert international de donn\u00e9es vers les \u00c9tats-Unis. Pour l&rsquo;utilisation des r\u00e9seaux sociaux, plus d&rsquo;informations dans la section 5 de cette politique de confidentialit\u00e9.<\/p><p>\u00a0<\/p><h4>3. Donn\u00e9es de tiers.<\/h4><p>Si, lors de vos communications avec GOLF AM\u00c9RICAS, vous fournissez des donn\u00e9es de tiers, nous vous informons que :<\/p><p>Vous ne pouvez nous fournir des donn\u00e9es de tiers que si vous avez obtenu leur consentement explicite. Par cons\u00e9quent, en nous transmettant des donn\u00e9es de tiers, vous d\u00e9clarez avoir obtenu le consentement susmentionn\u00e9 ou avoir la capacit\u00e9 juridique de donner ce consentement en leur nom.<br \/>Toutes les personnes dont vous nous transmettez les donn\u00e9es doivent conna\u00eetre le contenu de la pr\u00e9sente section. Vous d\u00e9clarez les avoir inform\u00e9es et leur avoir communiqu\u00e9 son contenu.<\/p><p>GOLF AM\u00c9RICAS d\u00e9cline toute responsabilit\u00e9 dans le cas o\u00f9 l&rsquo;utilisateur qui remplit les formulaires ne respecterait pas les points susmentionn\u00e9s.<\/p><p>\u00a0<\/p><h4>4. Caract\u00e8re facultatif du remplissage des formulaires et v\u00e9racit\u00e9 des donn\u00e9es fournies<\/h4><p>Les diff\u00e9rents formulaires mis \u00e0 votre disposition identifient les donn\u00e9es obligatoires, qui sont donc indispensables pour pouvoir traiter votre demande, votre requ\u00eate ou votre inscription. Si vous ne r\u00e9pondez pas \u00e0 ces questions, nous ne serons pas en mesure de traiter correctement votre demande.<\/p><h4><br \/>5. Transferts internationaux de donn\u00e9es<\/h4><p>GOLF AM\u00c9RICAS utilise des services qui, en raison de l&#8217;emplacement des serveurs sur lesquels les informations sont stock\u00e9es ou de celui de son si\u00e8ge social, sont consid\u00e9r\u00e9s par l&rsquo;UE comme effectuant un transfert international de donn\u00e9es vers des pays hors de l&rsquo;Union europ\u00e9enne.<\/p><p>Cela semble complexe, mais il s&rsquo;agit en r\u00e9alit\u00e9 d&rsquo;une action quotidienne pour toute entreprise ou personne utilisant les r\u00e9seaux sociaux, les applications cloud, les messageries \u00e9lectroniques des grandes entreprises technologiques, etc. Dans le cadre de cette clarification, nous vous informons que GOLF AM\u00c9RICAS effectue les transferts internationaux de donn\u00e9es suivants lorsque vous utilisez :<\/p><p>R\u00e9seaux sociaux : en donnant votre consentement \u00e0 la publication de vos donn\u00e9es personnelles sur les profils des r\u00e9seaux sociaux sur lesquels GOLF AM\u00c9RICAS dispose de profils d&rsquo;entreprise, vous autorisez le transfert international de donn\u00e9es vers les \u00c9tats-Unis. Nous vous recommandons de consulter les sections relatives \u00e0 la confidentialit\u00e9 des diff\u00e9rents r\u00e9seaux sociaux mentionn\u00e9s dans les consentements.<\/p><p>Facebook : https:\/\/www.facebook.com\/privacy\/explanation<br \/>Twitter\/x : https:\/\/privacy.x.com\/es <br \/>Instagram :https:\/\/www.facebook.com\/help\/instagram\/155833707900388<br \/>YouTube : https:\/\/policies.google.com\/privacy?hl=es<\/p><p>Ce consentement peut \u00eatre r\u00e9voqu\u00e9 \u00e0 tout moment.<\/p><h4><br \/>6. Droits des utilisateurs<\/h4><p>Consentement et r\u00e9vocation<\/p><p>L&rsquo;utilisateur peut r\u00e9voquer les consentements donn\u00e9s \u00e0 tout moment, sans que cela n&rsquo;affecte la lic\u00e9it\u00e9 du traitement des donn\u00e9es pendant la p\u00e9riode effective, ant\u00e9rieure, de ladite autorisation.<\/p><p>Droits d&rsquo;acc\u00e8s, de rectification, de suppression, de limitation, d&rsquo;opposition et de portabilit\u00e9.<\/p><p>L&rsquo;utilisateur ou le visiteur peut demander \u00e0 exercer ses droits d&rsquo;acc\u00e8s, de rectification ou de suppression, ainsi que, dans certains cas, le cas \u00e9ch\u00e9ant, \u00e0 la limitation du traitement ou \u00e0 la portabilit\u00e9 de ses donn\u00e9es, ainsi qu&rsquo;\u00e0 s&rsquo;opposer \u00e0 leur traitement. Tout cela conform\u00e9ment \u00e0 la r\u00e9glementation sur la protection des donn\u00e9es susmentionn\u00e9e.<\/p><p>Vous pouvez exercer vos droits en mati\u00e8re de protection des donn\u00e9es en envoyant votre demande \u00e0 GOLF AM\u00c9RICAS, par courrier \u00e9lectronique \u00e0 lopd@golf-tenerife.com, ou \u00e0 l&rsquo;adresse de contact indiqu\u00e9e au d\u00e9but du pr\u00e9sent document. Si vous le souhaitez, vous pouvez utiliser les formulaires disponibles aupr\u00e8s de l&rsquo;Agence espagnole de protection des donn\u00e9es, ou nous en demander une copie par courrier \u00e9lectronique.<\/p><p>Les demandes d&rsquo;exercice des droits formul\u00e9es par les utilisateurs seront trait\u00e9es dans un d\u00e9lai maximum d&rsquo;un mois. Si l&rsquo;utilisateur n&rsquo;est pas satisfait de la r\u00e9ponse fournie, il peut d\u00e9poser une r\u00e9clamation aupr\u00e8s de l&rsquo;autorit\u00e9 de contr\u00f4le susmentionn\u00e9e.<\/p><p>Vous pouvez exercer vos droits reconnus par le RGPD \u00e0 tout moment.<\/p><p>GOLF AM\u00c9RICAS s&rsquo;engage \u00e0 respecter et \u00e0 d\u00e9fendre le droit \u00e0 la protection des donn\u00e9es personnelles de ses utilisateurs, visiteurs et clients.<\/p>\t\t\t\t\t\t\t\t<\/div>\n\t\t\t\t<\/div>\n\t\t\t\t\t<\/div>\n\t\t<\/div>\n\t\t\t\t\t<\/div>\n\t\t<\/section>\n\t\t\t\t<\/div>\n\t\t","protected":false},"excerpt":{"rendered":"<p>Conform\u00e9ment \u00e0 l&rsquo;article 13 et aux principes de lic\u00e9it\u00e9, de loyaut\u00e9 et de transparence \u00e9tablis dans le r\u00e8glement UE 2016\/679, r\u00e8glement g\u00e9n\u00e9ral sur la protection des donn\u00e9es (ci-apr\u00e8s RGPD), nous vous informons que : Le responsable du traitement des donn\u00e9es personnelles pouvant \u00eatre collect\u00e9es par le biais des moyens de contact mis \u00e0 votre disposition [&hellip;]<\/p>\n","protected":false},"author":1,"featured_media":0,"parent":0,"menu_order":0,"comment_status":"closed","ping_status":"closed","template":"elementor_header_footer","meta":{"footnotes":""},"class_list":["post-14435","page","type-page","status-publish","hentry"],"_links":{"self":[{"href":"https:\/\/www.golflasamericas.com\/fr\/wp-json\/wp\/v2\/pages\/14435","targetHints":{"allow":["GET"]}}],"collection":[{"href":"https:\/\/www.golflasamericas.com\/fr\/wp-json\/wp\/v2\/pages"}],"about":[{"href":"https:\/\/www.golflasamericas.com\/fr\/wp-json\/wp\/v2\/types\/page"}],"author":[{"embeddable":true,"href":"https:\/\/www.golflasamericas.com\/fr\/wp-json\/wp\/v2\/users\/1"}],"replies":[{"embeddable":true,"href":"https:\/\/www.golflasamericas.com\/fr\/wp-json\/wp\/v2\/comments?post=14435"}],"version-history":[{"count":7,"href":"https:\/\/www.golflasamericas.com\/fr\/wp-json\/wp\/v2\/pages\/14435\/revisions"}],"predecessor-version":[{"id":14453,"href":"https:\/\/www.golflasamericas.com\/fr\/wp-json\/wp\/v2\/pages\/14435\/revisions\/14453"}],"wp:attachment":[{"href":"https:\/\/www.golflasamericas.com\/fr\/wp-json\/wp\/v2\/media?parent=14435"}],"curies":[{"name":"wp","href":"https:\/\/api.w.org\/{rel}","templated":true}]}}