{"id":1676,"date":"2021-06-17T11:38:38","date_gmt":"2021-06-17T10:38:38","guid":{"rendered":"https:\/\/www.golflasamericas.com\/wordpress\/?page_id=1676"},"modified":"2021-11-02T10:45:03","modified_gmt":"2021-11-02T09:45:03","slug":"ein-turnier-organisieren","status":"publish","type":"page","link":"https:\/\/www.golflasamericas.com\/de\/turniere\/ein-turnier-organisieren\/","title":{"rendered":"Ein turnier organisieren"},"content":{"rendered":"\t\t<div data-elementor-type=\"wp-page\" data-elementor-id=\"1676\" class=\"elementor elementor-1676 elementor-531\" data-elementor-post-type=\"page\">\n\t\t\t\t\t\t<section class=\"elementor-section elementor-top-section elementor-element elementor-element-7104109 elementor-section-height-min-height elementor-section-boxed elementor-section-height-default elementor-section-items-middle\" data-id=\"7104109\" data-element_type=\"section\" data-e-type=\"section\" data-settings=\"{&quot;background_background&quot;:&quot;classic&quot;}\">\n\t\t\t\t\t\t<div class=\"elementor-container elementor-column-gap-default\">\n\t\t\t\t\t<div class=\"elementor-column elementor-col-100 elementor-top-column elementor-element elementor-element-5d53d50\" data-id=\"5d53d50\" data-element_type=\"column\" data-e-type=\"column\">\n\t\t\t<div class=\"elementor-widget-wrap\">\n\t\t\t\t\t\t\t<\/div>\n\t\t<\/div>\n\t\t\t\t\t<\/div>\n\t\t<\/section>\n\t\t\t\t<section class=\"elementor-section elementor-top-section elementor-element elementor-element-7eb59ea elementor-section-boxed elementor-section-height-default elementor-section-height-default\" data-id=\"7eb59ea\" data-element_type=\"section\" data-e-type=\"section\">\n\t\t\t\t\t\t<div class=\"elementor-container elementor-column-gap-default\">\n\t\t\t\t\t<div class=\"elementor-column elementor-col-100 elementor-top-column elementor-element elementor-element-7f2aa4b\" data-id=\"7f2aa4b\" data-element_type=\"column\" data-e-type=\"column\">\n\t\t\t<div class=\"elementor-widget-wrap elementor-element-populated\">\n\t\t\t\t\t\t<div class=\"elementor-element elementor-element-c16c52f elementor-widget elementor-widget-heading\" data-id=\"c16c52f\" data-element_type=\"widget\" data-e-type=\"widget\" data-widget_type=\"heading.default\">\n\t\t\t\t<div class=\"elementor-widget-container\">\n\t\t\t\t\t<h2 class=\"elementor-heading-title elementor-size-default\">EIN TURNIER ORGANISIEREN<\/h2>\t\t\t\t<\/div>\n\t\t\t\t<\/div>\n\t\t\t\t\t<\/div>\n\t\t<\/div>\n\t\t\t\t\t<\/div>\n\t\t<\/section>\n\t\t\t\t<section class=\"elementor-section elementor-top-section elementor-element elementor-element-2800635 elementor-section-boxed elementor-section-height-default elementor-section-height-default\" data-id=\"2800635\" data-element_type=\"section\" data-e-type=\"section\">\n\t\t\t\t\t\t<div class=\"elementor-container elementor-column-gap-default\">\n\t\t\t\t\t<div class=\"elementor-column elementor-col-50 elementor-top-column elementor-element elementor-element-e28b458\" data-id=\"e28b458\" data-element_type=\"column\" data-e-type=\"column\">\n\t\t\t<div class=\"elementor-widget-wrap elementor-element-populated\">\n\t\t\t\t\t\t<div class=\"elementor-element elementor-element-dbebbfb elementor-widget elementor-widget-text-editor\" data-id=\"dbebbfb\" data-element_type=\"widget\" data-e-type=\"widget\" data-widget_type=\"text-editor.default\">\n\t\t\t\t<div class=\"elementor-widget-container\">\n\t\t\t\t\t\t\t\t\t<p>Wenn Sie ein Golfturnier organisieren wollen, tun Sie dies in Golf Las Americas<\/p><p>Golf Las Am\u00e9ricas in Teneriffa hat im Dezember 2008 zum dritten Mal in Folge den Deporte &amp; Business Preis f\u00fcdie beste Golfanlage 2008 erhalten, ein Beweis f\u00e4 die st\u00e4ndige Bem\u00fchen um Verbesserungen.<\/p><p>Deportes &amp; Business verleiht diesen Preis am Ende einer jeden Saison an jenen Golfclub der seine Aufgabe am besten erf\u00e4lt, es versteht Turniere auszurichten, die Sponsoren am besten behandelt und nat\u00fcich den Besuchern der Turniere den besten Service bietet.<\/p><p>Der Gesch\u00e4tsf\u00fcer von Golf Las Am\u00e4icas, Joan Piferrer, hat die Auszeichnung im Namen des Golfclubs von der Jury Deporte &amp; Business in einer feierlichen Zeremonie im nationalen Golfzentrum angenommen. Als Joan Piferrer von der Auszeichnung erfuhr, meinte er: Wir arbeiten um die Sponsoren und Spieler zufrieden zu stellen und versuchen alles perfekt zu machen. Diese Auszeichnung zeigt, dass wir uns auf dem richtigen Weg befinden und ermutigt uns zu weiteren Verbesserungen. Bei jedem Turnier geben wir alles, und dass ein Unternehmen wie Deporte &amp; Business uns als die beste Golfanlage auszeichnet freut uns sehr. Bei dieser Gelegenheit m\u00f6chteich meinem ganzen Team von Golf Las Am\u00e9ricas gratulieren, denn sie sind es, die diesen Preis ein weiteres Mal gewonnen haben.<\/p><p>Bei der Verleihung dieser Auszeichnung werden unter anderem folgende Aspekte ber\u00fcsichtigt: Einrichtungen, Hotels, Qualifikation und Professionalit\u00e4 der Mitarbeiter, Zusammenarbeit, Anpassungsf\u00e4higkeit an die Bed\u00fcnisse der Sponsoren, Informationen an die Spieler, Einhaltung von Zeitpl\u00e4en, Kontrolle des Spielablaufs, Reihenfolge und Verwaltung der Wettbewerbe.<\/p>\t\t\t\t\t\t\t\t<\/div>\n\t\t\t\t<\/div>\n\t\t\t\t<div class=\"elementor-element elementor-element-e12ed77 elementor-widget elementor-widget-text-editor\" data-id=\"e12ed77\" data-element_type=\"widget\" data-e-type=\"widget\" data-widget_type=\"text-editor.default\">\n\t\t\t\t<div class=\"elementor-widget-container\">\n\t\t\t\t\t\t\t\t\t<p>Wenn Sie daran interessiert sind, ein Turnier abzuhalten, f\u00fcllen Sie bitte das untenstehende Kontaktformular aus und wir werden uns mit Ihnen in Verbindung setzen oder uns unter +34 922 752005 anrufen.<\/p>\t\t\t\t\t\t\t\t<\/div>\n\t\t\t\t<\/div>\n\t\t\t\t\t<\/div>\n\t\t<\/div>\n\t\t\t\t<div class=\"elementor-column elementor-col-50 elementor-top-column elementor-element elementor-element-8ce19da\" data-id=\"8ce19da\" data-element_type=\"column\" data-e-type=\"column\">\n\t\t\t<div class=\"elementor-widget-wrap elementor-element-populated\">\n\t\t\t\t\t\t<div class=\"elementor-element elementor-element-32c6ce6 elementor-button-align-start elementor-widget elementor-widget-form\" data-id=\"32c6ce6\" data-element_type=\"widget\" data-e-type=\"widget\" data-settings=\"{&quot;step_next_label&quot;:&quot;Next&quot;,&quot;step_previous_label&quot;:&quot;Previous&quot;,&quot;button_width&quot;:&quot;100&quot;,&quot;step_type&quot;:&quot;number_text&quot;,&quot;step_icon_shape&quot;:&quot;circle&quot;}\" data-widget_type=\"form.default\">\n\t\t\t\t<div class=\"elementor-widget-container\">\n\t\t\t\t\t\t\t<form class=\"elementor-form\" method=\"post\" name=\"Torneo ES\" aria-label=\"Torneo ES\">\n\t\t\t<input type=\"hidden\" name=\"post_id\" value=\"1676\"\/>\n\t\t\t<input type=\"hidden\" name=\"form_id\" value=\"32c6ce6\"\/>\n\t\t\t<input type=\"hidden\" name=\"referer_title\" value=\"Ein turnier organisieren\" \/>\n\n\t\t\t\t\t\t\t<input type=\"hidden\" name=\"queried_id\" value=\"1676\"\/>\n\t\t\t\n\t\t\t<div class=\"elementor-form-fields-wrapper elementor-labels-\">\n\t\t\t\t\t\t\t\t<div class=\"elementor-field-type-text elementor-field-group elementor-column elementor-field-group-name elementor-col-100\">\n\t\t\t\t\t\t\t\t\t\t\t\t<label for=\"form-field-name\" class=\"elementor-field-label elementor-screen-only\">\n\t\t\t\t\t\t\t\tNombre\t\t\t\t\t\t\t<\/label>\n\t\t\t\t\t\t\t\t\t\t\t\t\t\t<input size=\"1\" type=\"text\" name=\"form_fields[name]\" id=\"form-field-name\" class=\"elementor-field elementor-size-sm  elementor-field-textual\" placeholder=\"Name\">\n\t\t\t\t\t\t\t\t\t\t\t<\/div>\n\t\t\t\t\t\t\t\t<div class=\"elementor-field-type-email elementor-field-group elementor-column elementor-field-group-email elementor-col-100 elementor-field-required\">\n\t\t\t\t\t\t\t\t\t\t\t\t<label for=\"form-field-email\" class=\"elementor-field-label elementor-screen-only\">\n\t\t\t\t\t\t\t\tEmail\t\t\t\t\t\t\t<\/label>\n\t\t\t\t\t\t\t\t\t\t\t\t\t\t<input size=\"1\" type=\"email\" name=\"form_fields[email]\" id=\"form-field-email\" class=\"elementor-field elementor-size-sm  elementor-field-textual\" placeholder=\"Email\" required=\"required\">\n\t\t\t\t\t\t\t\t\t\t\t<\/div>\n\t\t\t\t\t\t\t\t<div class=\"elementor-field-type-textarea elementor-field-group elementor-column elementor-field-group-message elementor-col-100\">\n\t\t\t\t\t\t\t\t\t\t\t\t<label for=\"form-field-message\" class=\"elementor-field-label elementor-screen-only\">\n\t\t\t\t\t\t\t\tMensaje\t\t\t\t\t\t\t<\/label>\n\t\t\t\t\t\t<textarea class=\"elementor-field-textual elementor-field  elementor-size-sm\" name=\"form_fields[message]\" id=\"form-field-message\" rows=\"4\" placeholder=\"More information\"><\/textarea>\t\t\t\t<\/div>\n\t\t\t\t\t\t\t\t<div class=\"elementor-field-group elementor-column elementor-field-type-submit elementor-col-100 e-form__buttons\">\n\t\t\t\t\t<button class=\"elementor-button elementor-size-sm\" type=\"submit\">\n\t\t\t\t\t\t<span class=\"elementor-button-content-wrapper\">\n\t\t\t\t\t\t\t\t\t\t\t\t\t\t\t\t\t\t\t\t\t\t<span class=\"elementor-button-text\">SUBMIT<\/span>\n\t\t\t\t\t\t\t\t\t\t\t\t\t<\/span>\n\t\t\t\t\t<\/button>\n\t\t\t\t<\/div>\n\t\t\t<\/div>\n\t\t<\/form>\n\t\t\t\t\t\t<\/div>\n\t\t\t\t<\/div>\n\t\t\t\t\t<\/div>\n\t\t<\/div>\n\t\t\t\t\t<\/div>\n\t\t<\/section>\n\t\t\t\t<section class=\"elementor-section elementor-top-section elementor-element elementor-element-b78b14c elementor-section-boxed elementor-section-height-default elementor-section-height-default\" data-id=\"b78b14c\" data-element_type=\"section\" data-e-type=\"section\">\n\t\t\t\t\t\t<div class=\"elementor-container elementor-column-gap-default\">\n\t\t\t\t\t<div class=\"elementor-column elementor-col-100 elementor-top-column elementor-element elementor-element-4b95c70\" data-id=\"4b95c70\" data-element_type=\"column\" data-e-type=\"column\">\n\t\t\t<div class=\"elementor-widget-wrap elementor-element-populated\">\n\t\t\t\t\t\t<div class=\"elementor-element elementor-element-3705719 elementor-widget elementor-widget-spacer\" data-id=\"3705719\" data-element_type=\"widget\" data-e-type=\"widget\" data-widget_type=\"spacer.default\">\n\t\t\t\t<div class=\"elementor-widget-container\">\n\t\t\t\t\t\t\t<div class=\"elementor-spacer\">\n\t\t\t<div class=\"elementor-spacer-inner\"><\/div>\n\t\t<\/div>\n\t\t\t\t\t\t<\/div>\n\t\t\t\t<\/div>\n\t\t\t\t\t<\/div>\n\t\t<\/div>\n\t\t\t\t\t<\/div>\n\t\t<\/section>\n\t\t\t\t<\/div>\n\t\t","protected":false},"excerpt":{"rendered":"<p>EIN TURNIER ORGANISIEREN Wenn Sie ein Golfturnier organisieren wollen, tun Sie dies in Golf Las Americas Golf Las Am\u00e9ricas in Teneriffa hat im Dezember 2008 zum dritten Mal in Folge den Deporte &amp; Business Preis f\u00fcdie beste Golfanlage 2008 erhalten, ein Beweis f\u00e4 die st\u00e4ndige Bem\u00fchen um Verbesserungen. Deportes &amp; Business verleiht diesen Preis am [&hellip;]<\/p>\n","protected":false},"author":1,"featured_media":0,"parent":1666,"menu_order":0,"comment_status":"closed","ping_status":"closed","template":"elementor_header_footer","meta":{"footnotes":""},"class_list":["post-1676","page","type-page","status-publish","hentry"],"_links":{"self":[{"href":"https:\/\/www.golflasamericas.com\/de\/wp-json\/wp\/v2\/pages\/1676","targetHints":{"allow":["GET"]}}],"collection":[{"href":"https:\/\/www.golflasamericas.com\/de\/wp-json\/wp\/v2\/pages"}],"about":[{"href":"https:\/\/www.golflasamericas.com\/de\/wp-json\/wp\/v2\/types\/page"}],"author":[{"embeddable":true,"href":"https:\/\/www.golflasamericas.com\/de\/wp-json\/wp\/v2\/users\/1"}],"replies":[{"embeddable":true,"href":"https:\/\/www.golflasamericas.com\/de\/wp-json\/wp\/v2\/comments?post=1676"}],"version-history":[{"count":10,"href":"https:\/\/www.golflasamericas.com\/de\/wp-json\/wp\/v2\/pages\/1676\/revisions"}],"predecessor-version":[{"id":3475,"href":"https:\/\/www.golflasamericas.com\/de\/wp-json\/wp\/v2\/pages\/1676\/revisions\/3475"}],"up":[{"embeddable":true,"href":"https:\/\/www.golflasamericas.com\/de\/wp-json\/wp\/v2\/pages\/1666"}],"wp:attachment":[{"href":"https:\/\/www.golflasamericas.com\/de\/wp-json\/wp\/v2\/media?parent=1676"}],"curies":[{"name":"wp","href":"https:\/\/api.w.org\/{rel}","templated":true}]}}